{"id":26999,"date":"2024-04-20T15:49:58","date_gmt":"2024-04-20T15:49:58","guid":{"rendered":"https:\/\/www.cambusawine.com\/?post_type=product&#038;p=26999"},"modified":"2026-02-13T11:00:54","modified_gmt":"2026-02-13T11:00:54","slug":"chablis-2020-gerard-duplessis-monte-de-tonnerre-magnum","status":"publish","type":"product","link":"https:\/\/www.cambusawine.com\/it\/prodotto\/chablis-2020-gerard-duplessis-monte-de-tonnerre-magnum\/","title":{"rendered":"Chablis 2020 G\u00e8rard Duplessis Monte de Tonnerre Magnum"},"content":{"rendered":"<p>Tasting: tender, deep &#8230; omnidirectional !!!<\/p>\n<p>Aging: unlimited.<\/p>\n","protected":false},"excerpt":{"rendered":"<p>Chablis Grand Cru Le Clos 2014 is a french wine made by <span class=\"posted_in\"> <a href=\"https:\/\/www.cambusawine.com\/product_grape\/chardonnay\/\" rel=\"tag\">Chardonnay<\/a><\/span>. Francesi, G\u00e9rard Duplessis.<\/p>\n","protected":false},"featured_media":27000,"template":"","meta":[],"product_brand":[],"product_cat":[117,343,161],"product_tag":[],"class_list":{"0":"post-26999","1":"product","2":"type-product","3":"status-publish","4":"has-post-thumbnail","6":"product_cat-white-wine","7":"product_cat-french","8":"product_cat-magnum-and-large-format","9":"Bottle_Size-magnum-1-5l","10":"Appellation-chablis-aoc","11":"grape-chardonnay","12":"vintage-2755","14":"first","15":"instock","16":"taxable","17":"shipping-taxable","18":"purchasable","19":"product-type-simple"},"yoast_head":"<!-- This site is optimized with the Yoast SEO plugin v27.1.1 - https:\/\/yoast.com\/product\/yoast-seo-wordpress\/ -->\n<title>Chablis 2020 G\u00e8rard Duplessis Monte de Tonnerre Magnum - Wine Shop La Cambusa Stresa<\/title>\n<meta name=\"description\" content=\"Chablis 2015 G\u00e8rard Duplessis is a white wine made by Chardonnay. Francesi, G\u00e9rard Duplessis.\" \/>\n<meta name=\"robots\" content=\"index, follow, max-snippet:-1, max-image-preview:large, max-video-preview:-1\" \/>\n<link rel=\"canonical\" href=\"https:\/\/www.cambusawine.com\/it\/prodotto\/chablis-2020-gerard-duplessis-monte-de-tonnerre-magnum\/\" \/>\n<meta property=\"og:locale\" content=\"it_IT\" \/>\n<meta property=\"og:type\" content=\"article\" \/>\n<meta property=\"og:title\" content=\"Chablis 2020 G\u00e8rard Duplessis Monte de Tonnerre Magnum - Wine Shop La Cambusa Stresa\" \/>\n<meta property=\"og:description\" content=\"Chablis 2015 G\u00e8rard Duplessis is a white wine made by Chardonnay. Francesi, G\u00e9rard Duplessis.\" \/>\n<meta property=\"og:url\" content=\"https:\/\/www.cambusawine.com\/it\/prodotto\/chablis-2020-gerard-duplessis-monte-de-tonnerre-magnum\/\" \/>\n<meta property=\"og:site_name\" content=\"Wine Shop La Cambusa Stresa\" \/>\n<meta property=\"article:publisher\" content=\"https:\/\/www.facebook.com\/LacambusaStresa\/\" \/>\n<meta property=\"article:modified_time\" content=\"2026-02-13T11:00:54+00:00\" \/>\n<meta property=\"og:image\" content=\"https:\/\/www.cambusawine.com\/wp-content\/uploads\/2024\/04\/uF42yxiYRqWj-5L0zUdLpA_pb_600x600.png\" \/>\n\t<meta property=\"og:image:width\" content=\"600\" \/>\n\t<meta property=\"og:image:height\" content=\"600\" \/>\n\t<meta property=\"og:image:type\" content=\"image\/png\" \/>\n<meta name=\"twitter:card\" content=\"summary_large_image\" \/>\n<meta name=\"twitter:label1\" content=\"Tempo di lettura stimato\" \/>\n\t<meta name=\"twitter:data1\" content=\"1 minuto\" \/>\n<script type=\"application\/ld+json\" class=\"yoast-schema-graph\">{\"@context\":\"https:\/\/schema.org\",\"@graph\":[{\"@type\":\"WebPage\",\"@id\":\"https:\/\/www.cambusawine.com\/it\/prodotto\/chablis-2020-gerard-duplessis-monte-de-tonnerre-magnum\/\",\"url\":\"https:\/\/www.cambusawine.com\/it\/prodotto\/chablis-2020-gerard-duplessis-monte-de-tonnerre-magnum\/\",\"name\":\"Chablis 2020 G\u00e8rard Duplessis Monte de Tonnerre Magnum - Wine Shop La Cambusa Stresa\",\"isPartOf\":{\"@id\":\"https:\/\/www.cambusawine.com\/it\/#website\"},\"primaryImageOfPage\":{\"@id\":\"https:\/\/www.cambusawine.com\/it\/prodotto\/chablis-2020-gerard-duplessis-monte-de-tonnerre-magnum\/#primaryimage\"},\"image\":{\"@id\":\"https:\/\/www.cambusawine.com\/it\/prodotto\/chablis-2020-gerard-duplessis-monte-de-tonnerre-magnum\/#primaryimage\"},\"thumbnailUrl\":\"https:\/\/www.cambusawine.com\/wp-content\/uploads\/2024\/04\/uF42yxiYRqWj-5L0zUdLpA_pb_600x600.png\",\"datePublished\":\"2024-04-20T15:49:58+00:00\",\"dateModified\":\"2026-02-13T11:00:54+00:00\",\"description\":\"Chablis 2015 G\u00e8rard Duplessis is a white wine made by Chardonnay. Francesi, G\u00e9rard Duplessis.\",\"breadcrumb\":{\"@id\":\"https:\/\/www.cambusawine.com\/it\/prodotto\/chablis-2020-gerard-duplessis-monte-de-tonnerre-magnum\/#breadcrumb\"},\"inLanguage\":\"it-IT\",\"potentialAction\":[{\"@type\":\"ReadAction\",\"target\":[\"https:\/\/www.cambusawine.com\/it\/prodotto\/chablis-2020-gerard-duplessis-monte-de-tonnerre-magnum\/\"]}]},{\"@type\":\"ImageObject\",\"inLanguage\":\"it-IT\",\"@id\":\"https:\/\/www.cambusawine.com\/it\/prodotto\/chablis-2020-gerard-duplessis-monte-de-tonnerre-magnum\/#primaryimage\",\"url\":\"https:\/\/www.cambusawine.com\/wp-content\/uploads\/2024\/04\/uF42yxiYRqWj-5L0zUdLpA_pb_600x600.png\",\"contentUrl\":\"https:\/\/www.cambusawine.com\/wp-content\/uploads\/2024\/04\/uF42yxiYRqWj-5L0zUdLpA_pb_600x600.png\",\"width\":600,\"height\":600},{\"@type\":\"BreadcrumbList\",\"@id\":\"https:\/\/www.cambusawine.com\/it\/prodotto\/chablis-2020-gerard-duplessis-monte-de-tonnerre-magnum\/#breadcrumb\",\"itemListElement\":[{\"@type\":\"ListItem\",\"position\":1,\"name\":\"Home\",\"item\":\"https:\/\/www.cambusawine.com\/it\/\"},{\"@type\":\"ListItem\",\"position\":2,\"name\":\"Shop\",\"item\":\"https:\/\/www.cambusawine.com\/it\/shop\/\"},{\"@type\":\"ListItem\",\"position\":3,\"name\":\"Chablis 2020 G\u00e8rard Duplessis Monte de Tonnerre Magnum\"}]},{\"@type\":\"WebSite\",\"@id\":\"https:\/\/www.cambusawine.com\/it\/#website\",\"url\":\"https:\/\/www.cambusawine.com\/it\/\",\"name\":\"Wine Shop La Cambusa Stresa\",\"description\":\"\",\"publisher\":{\"@id\":\"https:\/\/www.cambusawine.com\/it\/#organization\"},\"potentialAction\":[{\"@type\":\"SearchAction\",\"target\":{\"@type\":\"EntryPoint\",\"urlTemplate\":\"https:\/\/www.cambusawine.com\/it\/?s={search_term_string}\"},\"query-input\":{\"@type\":\"PropertyValueSpecification\",\"valueRequired\":true,\"valueName\":\"search_term_string\"}}],\"inLanguage\":\"it-IT\"},{\"@type\":\"Organization\",\"@id\":\"https:\/\/www.cambusawine.com\/it\/#organization\",\"name\":\"Wine Shop La Cambusa Stresa\",\"url\":\"https:\/\/www.cambusawine.com\/it\/\",\"logo\":{\"@type\":\"ImageObject\",\"inLanguage\":\"it-IT\",\"@id\":\"https:\/\/www.cambusawine.com\/it\/#\/schema\/logo\/image\/\",\"url\":\"https:\/\/www.cambusawine.com\/wp-content\/uploads\/2023\/09\/la-cambusa-logo-nero.png\",\"contentUrl\":\"https:\/\/www.cambusawine.com\/wp-content\/uploads\/2023\/09\/la-cambusa-logo-nero.png\",\"width\":340,\"height\":156,\"caption\":\"Wine Shop La Cambusa Stresa\"},\"image\":{\"@id\":\"https:\/\/www.cambusawine.com\/it\/#\/schema\/logo\/image\/\"},\"sameAs\":[\"https:\/\/www.facebook.com\/LacambusaStresa\/\",\"https:\/\/www.instagram.com\/lacambusa_stresa_wineshop\/\"]}]}<\/script>\n<!-- \/ Yoast SEO plugin. -->","yoast_head_json":{"title":"Chablis 2020 G\u00e8rard Duplessis Monte de Tonnerre Magnum - Wine Shop La Cambusa Stresa","description":"Chablis 2015 G\u00e8rard Duplessis is a white wine made by Chardonnay. Francesi, G\u00e9rard Duplessis.","robots":{"index":"index","follow":"follow","max-snippet":"max-snippet:-1","max-image-preview":"max-image-preview:large","max-video-preview":"max-video-preview:-1"},"canonical":"https:\/\/www.cambusawine.com\/it\/prodotto\/chablis-2020-gerard-duplessis-monte-de-tonnerre-magnum\/","og_locale":"it_IT","og_type":"article","og_title":"Chablis 2020 G\u00e8rard Duplessis Monte de Tonnerre Magnum - Wine Shop La Cambusa Stresa","og_description":"Chablis 2015 G\u00e8rard Duplessis is a white wine made by Chardonnay. Francesi, G\u00e9rard Duplessis.","og_url":"https:\/\/www.cambusawine.com\/it\/prodotto\/chablis-2020-gerard-duplessis-monte-de-tonnerre-magnum\/","og_site_name":"Wine Shop La Cambusa Stresa","article_publisher":"https:\/\/www.facebook.com\/LacambusaStresa\/","article_modified_time":"2026-02-13T11:00:54+00:00","og_image":[{"width":600,"height":600,"url":"https:\/\/www.cambusawine.com\/wp-content\/uploads\/2024\/04\/uF42yxiYRqWj-5L0zUdLpA_pb_600x600.png","type":"image\/png"}],"twitter_card":"summary_large_image","twitter_misc":{"Tempo di lettura stimato":"1 minuto"},"schema":{"@context":"https:\/\/schema.org","@graph":[{"@type":"WebPage","@id":"https:\/\/www.cambusawine.com\/it\/prodotto\/chablis-2020-gerard-duplessis-monte-de-tonnerre-magnum\/","url":"https:\/\/www.cambusawine.com\/it\/prodotto\/chablis-2020-gerard-duplessis-monte-de-tonnerre-magnum\/","name":"Chablis 2020 G\u00e8rard Duplessis Monte de Tonnerre Magnum - Wine Shop La Cambusa Stresa","isPartOf":{"@id":"https:\/\/www.cambusawine.com\/it\/#website"},"primaryImageOfPage":{"@id":"https:\/\/www.cambusawine.com\/it\/prodotto\/chablis-2020-gerard-duplessis-monte-de-tonnerre-magnum\/#primaryimage"},"image":{"@id":"https:\/\/www.cambusawine.com\/it\/prodotto\/chablis-2020-gerard-duplessis-monte-de-tonnerre-magnum\/#primaryimage"},"thumbnailUrl":"https:\/\/www.cambusawine.com\/wp-content\/uploads\/2024\/04\/uF42yxiYRqWj-5L0zUdLpA_pb_600x600.png","datePublished":"2024-04-20T15:49:58+00:00","dateModified":"2026-02-13T11:00:54+00:00","description":"Chablis 2015 G\u00e8rard Duplessis is a white wine made by Chardonnay. Francesi, G\u00e9rard Duplessis.","breadcrumb":{"@id":"https:\/\/www.cambusawine.com\/it\/prodotto\/chablis-2020-gerard-duplessis-monte-de-tonnerre-magnum\/#breadcrumb"},"inLanguage":"it-IT","potentialAction":[{"@type":"ReadAction","target":["https:\/\/www.cambusawine.com\/it\/prodotto\/chablis-2020-gerard-duplessis-monte-de-tonnerre-magnum\/"]}]},{"@type":"ImageObject","inLanguage":"it-IT","@id":"https:\/\/www.cambusawine.com\/it\/prodotto\/chablis-2020-gerard-duplessis-monte-de-tonnerre-magnum\/#primaryimage","url":"https:\/\/www.cambusawine.com\/wp-content\/uploads\/2024\/04\/uF42yxiYRqWj-5L0zUdLpA_pb_600x600.png","contentUrl":"https:\/\/www.cambusawine.com\/wp-content\/uploads\/2024\/04\/uF42yxiYRqWj-5L0zUdLpA_pb_600x600.png","width":600,"height":600},{"@type":"BreadcrumbList","@id":"https:\/\/www.cambusawine.com\/it\/prodotto\/chablis-2020-gerard-duplessis-monte-de-tonnerre-magnum\/#breadcrumb","itemListElement":[{"@type":"ListItem","position":1,"name":"Home","item":"https:\/\/www.cambusawine.com\/it\/"},{"@type":"ListItem","position":2,"name":"Shop","item":"https:\/\/www.cambusawine.com\/it\/shop\/"},{"@type":"ListItem","position":3,"name":"Chablis 2020 G\u00e8rard Duplessis Monte de Tonnerre Magnum"}]},{"@type":"WebSite","@id":"https:\/\/www.cambusawine.com\/it\/#website","url":"https:\/\/www.cambusawine.com\/it\/","name":"Wine Shop La Cambusa Stresa","description":"","publisher":{"@id":"https:\/\/www.cambusawine.com\/it\/#organization"},"potentialAction":[{"@type":"SearchAction","target":{"@type":"EntryPoint","urlTemplate":"https:\/\/www.cambusawine.com\/it\/?s={search_term_string}"},"query-input":{"@type":"PropertyValueSpecification","valueRequired":true,"valueName":"search_term_string"}}],"inLanguage":"it-IT"},{"@type":"Organization","@id":"https:\/\/www.cambusawine.com\/it\/#organization","name":"Wine Shop La Cambusa Stresa","url":"https:\/\/www.cambusawine.com\/it\/","logo":{"@type":"ImageObject","inLanguage":"it-IT","@id":"https:\/\/www.cambusawine.com\/it\/#\/schema\/logo\/image\/","url":"https:\/\/www.cambusawine.com\/wp-content\/uploads\/2023\/09\/la-cambusa-logo-nero.png","contentUrl":"https:\/\/www.cambusawine.com\/wp-content\/uploads\/2023\/09\/la-cambusa-logo-nero.png","width":340,"height":156,"caption":"Wine Shop La Cambusa Stresa"},"image":{"@id":"https:\/\/www.cambusawine.com\/it\/#\/schema\/logo\/image\/"},"sameAs":["https:\/\/www.facebook.com\/LacambusaStresa\/","https:\/\/www.instagram.com\/lacambusa_stresa_wineshop\/"]}]}},"_links":{"self":[{"href":"https:\/\/www.cambusawine.com\/it\/wp-json\/wp\/v2\/product\/26999","targetHints":{"allow":["GET"]}}],"collection":[{"href":"https:\/\/www.cambusawine.com\/it\/wp-json\/wp\/v2\/product"}],"about":[{"href":"https:\/\/www.cambusawine.com\/it\/wp-json\/wp\/v2\/types\/product"}],"wp:featuredmedia":[{"embeddable":true,"href":"https:\/\/www.cambusawine.com\/it\/wp-json\/wp\/v2\/media\/27000"}],"wp:attachment":[{"href":"https:\/\/www.cambusawine.com\/it\/wp-json\/wp\/v2\/media?parent=26999"}],"wp:term":[{"taxonomy":"product_brand","embeddable":true,"href":"https:\/\/www.cambusawine.com\/it\/wp-json\/wp\/v2\/product_brand?post=26999"},{"taxonomy":"product_cat","embeddable":true,"href":"https:\/\/www.cambusawine.com\/it\/wp-json\/wp\/v2\/product_cat?post=26999"},{"taxonomy":"product_tag","embeddable":true,"href":"https:\/\/www.cambusawine.com\/it\/wp-json\/wp\/v2\/product_tag?post=26999"}],"curies":[{"name":"wp","href":"https:\/\/api.w.org\/{rel}","templated":true}]}}