{"id":22682,"date":"2023-05-22T15:25:23","date_gmt":"2023-05-22T15:25:23","guid":{"rendered":"https:\/\/www.cambusawine.com\/?post_type=product&#038;p=22682"},"modified":"2023-10-20T13:54:30","modified_gmt":"2023-10-20T13:54:30","slug":"barolo-cerequio-vietti","status":"publish","type":"product","link":"https:\/\/www.cambusawine.com\/it\/prodotto\/barolo-cerequio-vietti\/","title":{"rendered":"Barolo &#8220;Cerequio&#8221; 2019 &#8211; Vietti"},"content":{"rendered":"","protected":false},"excerpt":{"rendered":"<p>Il Barolo Cerequio proviene da viti di oltre 35 anni ed \u00e8 caratterizzato da aromi esuberanti e frutti rossi e brillanti. Il bouquet \u00e8 enormemente opulento con aromi di frutta matura che vanno dalla ciliegia selvatica al ribes rosso. A questi si aggiungono toni originali di confettura, prugna e un pizzico di rag\u00f9. Il palato \u00e8 sfumato e molto profondo, con un&#8217;enorme complessit\u00e0, volume e carattere<\/p>\n","protected":false},"featured_media":22642,"template":"","meta":[],"product_brand":[],"product_cat":[115],"product_tag":[],"class_list":{"0":"post-22682","1":"product","2":"type-product","3":"status-publish","4":"has-post-thumbnail","6":"product_cat-red-wine","7":"Producer-vietti","8":"Bottle_Size-0-75l","9":"Appellation-barolo-docg","10":"region-piedmont","11":"vintage-2758","13":"first","14":"instock","15":"taxable","16":"shipping-taxable","17":"purchasable","18":"product-type-simple"},"yoast_head":"<!-- This site is optimized with the Yoast SEO plugin v27.4 - https:\/\/yoast.com\/product\/yoast-seo-wordpress\/ -->\n<title>Barolo &quot;Cerequio&quot; 2019 - Vietti - Wine Shop La Cambusa Stresa<\/title>\n<meta name=\"description\" content=\"Barolo Vietti 2010 Villero Riserva is a red wine made by Nebbiolo in Piemonte (Italy). Barolo DOCG, Vietti.\" \/>\n<meta name=\"robots\" content=\"index, follow, max-snippet:-1, max-image-preview:large, max-video-preview:-1\" \/>\n<link rel=\"canonical\" href=\"https:\/\/www.cambusawine.com\/it\/prodotto\/barolo-cerequio-vietti\/\" \/>\n<meta property=\"og:locale\" content=\"it_IT\" \/>\n<meta property=\"og:type\" content=\"article\" \/>\n<meta property=\"og:title\" content=\"Barolo &quot;Cerequio&quot; 2019 - Vietti - Wine Shop La Cambusa Stresa\" \/>\n<meta property=\"og:description\" content=\"Barolo Vietti 2010 Villero Riserva is a red wine made by Nebbiolo in Piemonte (Italy). Barolo DOCG, Vietti.\" \/>\n<meta property=\"og:url\" content=\"https:\/\/www.cambusawine.com\/it\/prodotto\/barolo-cerequio-vietti\/\" \/>\n<meta property=\"og:site_name\" content=\"Wine Shop La Cambusa Stresa\" \/>\n<meta property=\"article:publisher\" content=\"https:\/\/www.facebook.com\/LacambusaStresa\/\" \/>\n<meta property=\"article:modified_time\" content=\"2023-10-20T13:54:30+00:00\" \/>\n<meta property=\"og:image\" content=\"https:\/\/www.cambusawine.com\/wp-content\/uploads\/2023\/05\/vietti-barolo-2019-cerequio.jpg\" \/>\n\t<meta property=\"og:image:width\" content=\"539\" \/>\n\t<meta property=\"og:image:height\" content=\"534\" \/>\n\t<meta property=\"og:image:type\" content=\"image\/jpeg\" \/>\n<meta name=\"twitter:card\" content=\"summary_large_image\" \/>\n<script type=\"application\/ld+json\" class=\"yoast-schema-graph\">{\"@context\":\"https:\\\/\\\/schema.org\",\"@graph\":[{\"@type\":\"WebPage\",\"@id\":\"https:\\\/\\\/www.cambusawine.com\\\/it\\\/prodotto\\\/barolo-cerequio-vietti\\\/\",\"url\":\"https:\\\/\\\/www.cambusawine.com\\\/it\\\/prodotto\\\/barolo-cerequio-vietti\\\/\",\"name\":\"Barolo \\\"Cerequio\\\" 2019 - Vietti - Wine Shop La Cambusa Stresa\",\"isPartOf\":{\"@id\":\"https:\\\/\\\/www.cambusawine.com\\\/it\\\/#website\"},\"primaryImageOfPage\":{\"@id\":\"https:\\\/\\\/www.cambusawine.com\\\/it\\\/prodotto\\\/barolo-cerequio-vietti\\\/#primaryimage\"},\"image\":{\"@id\":\"https:\\\/\\\/www.cambusawine.com\\\/it\\\/prodotto\\\/barolo-cerequio-vietti\\\/#primaryimage\"},\"thumbnailUrl\":\"https:\\\/\\\/www.cambusawine.com\\\/wp-content\\\/uploads\\\/2023\\\/05\\\/vietti-barolo-2019-cerequio.jpg\",\"datePublished\":\"2023-05-22T15:25:23+00:00\",\"dateModified\":\"2023-10-20T13:54:30+00:00\",\"description\":\"Barolo Vietti 2010 Villero Riserva is a red wine made by Nebbiolo in Piemonte (Italy). Barolo DOCG, Vietti.\",\"breadcrumb\":{\"@id\":\"https:\\\/\\\/www.cambusawine.com\\\/it\\\/prodotto\\\/barolo-cerequio-vietti\\\/#breadcrumb\"},\"inLanguage\":\"it-IT\",\"potentialAction\":[{\"@type\":\"ReadAction\",\"target\":[\"https:\\\/\\\/www.cambusawine.com\\\/it\\\/prodotto\\\/barolo-cerequio-vietti\\\/\"]}]},{\"@type\":\"ImageObject\",\"inLanguage\":\"it-IT\",\"@id\":\"https:\\\/\\\/www.cambusawine.com\\\/it\\\/prodotto\\\/barolo-cerequio-vietti\\\/#primaryimage\",\"url\":\"https:\\\/\\\/www.cambusawine.com\\\/wp-content\\\/uploads\\\/2023\\\/05\\\/vietti-barolo-2019-cerequio.jpg\",\"contentUrl\":\"https:\\\/\\\/www.cambusawine.com\\\/wp-content\\\/uploads\\\/2023\\\/05\\\/vietti-barolo-2019-cerequio.jpg\",\"width\":539,\"height\":534},{\"@type\":\"BreadcrumbList\",\"@id\":\"https:\\\/\\\/www.cambusawine.com\\\/it\\\/prodotto\\\/barolo-cerequio-vietti\\\/#breadcrumb\",\"itemListElement\":[{\"@type\":\"ListItem\",\"position\":1,\"name\":\"Home\",\"item\":\"https:\\\/\\\/www.cambusawine.com\\\/it\\\/\"},{\"@type\":\"ListItem\",\"position\":2,\"name\":\"Shop\",\"item\":\"https:\\\/\\\/www.cambusawine.com\\\/it\\\/shop\\\/\"},{\"@type\":\"ListItem\",\"position\":3,\"name\":\"Barolo &#8220;Cerequio&#8221; 2019 &#8211; Vietti\"}]},{\"@type\":\"WebSite\",\"@id\":\"https:\\\/\\\/www.cambusawine.com\\\/it\\\/#website\",\"url\":\"https:\\\/\\\/www.cambusawine.com\\\/it\\\/\",\"name\":\"Wine Shop La Cambusa Stresa\",\"description\":\"\",\"publisher\":{\"@id\":\"https:\\\/\\\/www.cambusawine.com\\\/it\\\/#organization\"},\"potentialAction\":[{\"@type\":\"SearchAction\",\"target\":{\"@type\":\"EntryPoint\",\"urlTemplate\":\"https:\\\/\\\/www.cambusawine.com\\\/it\\\/?s={search_term_string}\"},\"query-input\":{\"@type\":\"PropertyValueSpecification\",\"valueRequired\":true,\"valueName\":\"search_term_string\"}}],\"inLanguage\":\"it-IT\"},{\"@type\":\"Organization\",\"@id\":\"https:\\\/\\\/www.cambusawine.com\\\/it\\\/#organization\",\"name\":\"Wine Shop La Cambusa Stresa\",\"url\":\"https:\\\/\\\/www.cambusawine.com\\\/it\\\/\",\"logo\":{\"@type\":\"ImageObject\",\"inLanguage\":\"it-IT\",\"@id\":\"https:\\\/\\\/www.cambusawine.com\\\/it\\\/#\\\/schema\\\/logo\\\/image\\\/\",\"url\":\"https:\\\/\\\/www.cambusawine.com\\\/wp-content\\\/uploads\\\/2023\\\/09\\\/la-cambusa-logo-nero.png\",\"contentUrl\":\"https:\\\/\\\/www.cambusawine.com\\\/wp-content\\\/uploads\\\/2023\\\/09\\\/la-cambusa-logo-nero.png\",\"width\":340,\"height\":156,\"caption\":\"Wine Shop La Cambusa Stresa\"},\"image\":{\"@id\":\"https:\\\/\\\/www.cambusawine.com\\\/it\\\/#\\\/schema\\\/logo\\\/image\\\/\"},\"sameAs\":[\"https:\\\/\\\/www.facebook.com\\\/LacambusaStresa\\\/\",\"https:\\\/\\\/www.instagram.com\\\/lacambusa_stresa_wineshop\\\/\"]}]}<\/script>\n<!-- \/ Yoast SEO plugin. -->","yoast_head_json":{"title":"Barolo \"Cerequio\" 2019 - Vietti - Wine Shop La Cambusa Stresa","description":"Barolo Vietti 2010 Villero Riserva is a red wine made by Nebbiolo in Piemonte (Italy). Barolo DOCG, Vietti.","robots":{"index":"index","follow":"follow","max-snippet":"max-snippet:-1","max-image-preview":"max-image-preview:large","max-video-preview":"max-video-preview:-1"},"canonical":"https:\/\/www.cambusawine.com\/it\/prodotto\/barolo-cerequio-vietti\/","og_locale":"it_IT","og_type":"article","og_title":"Barolo \"Cerequio\" 2019 - Vietti - Wine Shop La Cambusa Stresa","og_description":"Barolo Vietti 2010 Villero Riserva is a red wine made by Nebbiolo in Piemonte (Italy). Barolo DOCG, Vietti.","og_url":"https:\/\/www.cambusawine.com\/it\/prodotto\/barolo-cerequio-vietti\/","og_site_name":"Wine Shop La Cambusa Stresa","article_publisher":"https:\/\/www.facebook.com\/LacambusaStresa\/","article_modified_time":"2023-10-20T13:54:30+00:00","og_image":[{"width":539,"height":534,"url":"https:\/\/www.cambusawine.com\/wp-content\/uploads\/2023\/05\/vietti-barolo-2019-cerequio.jpg","type":"image\/jpeg"}],"twitter_card":"summary_large_image","schema":{"@context":"https:\/\/schema.org","@graph":[{"@type":"WebPage","@id":"https:\/\/www.cambusawine.com\/it\/prodotto\/barolo-cerequio-vietti\/","url":"https:\/\/www.cambusawine.com\/it\/prodotto\/barolo-cerequio-vietti\/","name":"Barolo \"Cerequio\" 2019 - Vietti - Wine Shop La Cambusa Stresa","isPartOf":{"@id":"https:\/\/www.cambusawine.com\/it\/#website"},"primaryImageOfPage":{"@id":"https:\/\/www.cambusawine.com\/it\/prodotto\/barolo-cerequio-vietti\/#primaryimage"},"image":{"@id":"https:\/\/www.cambusawine.com\/it\/prodotto\/barolo-cerequio-vietti\/#primaryimage"},"thumbnailUrl":"https:\/\/www.cambusawine.com\/wp-content\/uploads\/2023\/05\/vietti-barolo-2019-cerequio.jpg","datePublished":"2023-05-22T15:25:23+00:00","dateModified":"2023-10-20T13:54:30+00:00","description":"Barolo Vietti 2010 Villero Riserva is a red wine made by Nebbiolo in Piemonte (Italy). Barolo DOCG, Vietti.","breadcrumb":{"@id":"https:\/\/www.cambusawine.com\/it\/prodotto\/barolo-cerequio-vietti\/#breadcrumb"},"inLanguage":"it-IT","potentialAction":[{"@type":"ReadAction","target":["https:\/\/www.cambusawine.com\/it\/prodotto\/barolo-cerequio-vietti\/"]}]},{"@type":"ImageObject","inLanguage":"it-IT","@id":"https:\/\/www.cambusawine.com\/it\/prodotto\/barolo-cerequio-vietti\/#primaryimage","url":"https:\/\/www.cambusawine.com\/wp-content\/uploads\/2023\/05\/vietti-barolo-2019-cerequio.jpg","contentUrl":"https:\/\/www.cambusawine.com\/wp-content\/uploads\/2023\/05\/vietti-barolo-2019-cerequio.jpg","width":539,"height":534},{"@type":"BreadcrumbList","@id":"https:\/\/www.cambusawine.com\/it\/prodotto\/barolo-cerequio-vietti\/#breadcrumb","itemListElement":[{"@type":"ListItem","position":1,"name":"Home","item":"https:\/\/www.cambusawine.com\/it\/"},{"@type":"ListItem","position":2,"name":"Shop","item":"https:\/\/www.cambusawine.com\/it\/shop\/"},{"@type":"ListItem","position":3,"name":"Barolo &#8220;Cerequio&#8221; 2019 &#8211; Vietti"}]},{"@type":"WebSite","@id":"https:\/\/www.cambusawine.com\/it\/#website","url":"https:\/\/www.cambusawine.com\/it\/","name":"Wine Shop La Cambusa Stresa","description":"","publisher":{"@id":"https:\/\/www.cambusawine.com\/it\/#organization"},"potentialAction":[{"@type":"SearchAction","target":{"@type":"EntryPoint","urlTemplate":"https:\/\/www.cambusawine.com\/it\/?s={search_term_string}"},"query-input":{"@type":"PropertyValueSpecification","valueRequired":true,"valueName":"search_term_string"}}],"inLanguage":"it-IT"},{"@type":"Organization","@id":"https:\/\/www.cambusawine.com\/it\/#organization","name":"Wine Shop La Cambusa Stresa","url":"https:\/\/www.cambusawine.com\/it\/","logo":{"@type":"ImageObject","inLanguage":"it-IT","@id":"https:\/\/www.cambusawine.com\/it\/#\/schema\/logo\/image\/","url":"https:\/\/www.cambusawine.com\/wp-content\/uploads\/2023\/09\/la-cambusa-logo-nero.png","contentUrl":"https:\/\/www.cambusawine.com\/wp-content\/uploads\/2023\/09\/la-cambusa-logo-nero.png","width":340,"height":156,"caption":"Wine Shop La Cambusa Stresa"},"image":{"@id":"https:\/\/www.cambusawine.com\/it\/#\/schema\/logo\/image\/"},"sameAs":["https:\/\/www.facebook.com\/LacambusaStresa\/","https:\/\/www.instagram.com\/lacambusa_stresa_wineshop\/"]}]}},"_links":{"self":[{"href":"https:\/\/www.cambusawine.com\/it\/wp-json\/wp\/v2\/product\/22682","targetHints":{"allow":["GET"]}}],"collection":[{"href":"https:\/\/www.cambusawine.com\/it\/wp-json\/wp\/v2\/product"}],"about":[{"href":"https:\/\/www.cambusawine.com\/it\/wp-json\/wp\/v2\/types\/product"}],"wp:featuredmedia":[{"embeddable":true,"href":"https:\/\/www.cambusawine.com\/it\/wp-json\/wp\/v2\/media\/22642"}],"wp:attachment":[{"href":"https:\/\/www.cambusawine.com\/it\/wp-json\/wp\/v2\/media?parent=22682"}],"wp:term":[{"taxonomy":"product_brand","embeddable":true,"href":"https:\/\/www.cambusawine.com\/it\/wp-json\/wp\/v2\/product_brand?post=22682"},{"taxonomy":"product_cat","embeddable":true,"href":"https:\/\/www.cambusawine.com\/it\/wp-json\/wp\/v2\/product_cat?post=22682"},{"taxonomy":"product_tag","embeddable":true,"href":"https:\/\/www.cambusawine.com\/it\/wp-json\/wp\/v2\/product_tag?post=22682"}],"curies":[{"name":"wp","href":"https:\/\/api.w.org\/{rel}","templated":true}]}}